{"id":225,"date":"2024-04-12T14:28:17","date_gmt":"2024-04-12T14:28:17","guid":{"rendered":"https:\/\/les-bulles.ms2.decms.eu\/accomodations\/chambre-business\/"},"modified":"2024-06-11T13:08:39","modified_gmt":"2024-06-11T13:08:39","slug":"business-room","status":"publish","type":"page","link":"https:\/\/www.lesbullesdeparis.com\/en\/accomodations\/business-room\/","title":{"rendered":"Business Room"},"content":{"rendered":"<p style=\"text-align: center;\">Indulge in the essence of Parisian charm and sophistication with our Business Single rooms, tailored specifically for your<strong> business trips or solo exploration of the city of lights<\/strong>. Each room boasts a unique d\u00e9cor, intricately woven with the theme of <strong>Hotel Les Bulles<\/strong>: champagne.<\/p>\n<p style=\"text-align: center;\">Functional yet inviting, our Business Single rooms are equipped with everything you need for a comfortable stay. In addition to modern amenities such as air conditioning, a safe, and an LED TV, you&#8217;ll find thoughtful touches like an ironing board to ensure your attire is immaculate before heading out for work.<\/p>\n<p style=\"text-align: center;\">\u00a0For added convenience, breakfast can be served in the comfort of your room upon request, allowing you to start your day on a leisurely note. Rest assured, our rooms provide a peaceful sanctuary where you can relax or focus on work in complete tranquility.<\/p>\n<p style=\"text-align: center;\"><span data-sheets-root=\"1\" data-sheets-value=\"{&quot;1&quot;:2,&quot;2&quot;:&quot;La chambre Business Single est id\u00e9ale pour vos d\u00e9placements professionnels ou pour une d\u00e9couverte de Paris en solo. Chacune d\u2019elle propose une d\u00e9coration unique, toujours en lien avec le th\u00e8me de l\u2019H\u00f4tel Les Bulles : le champagne.\\n\\nFonctionnelle et confortable, vous y trouverez m\u00eame une table \u00e0 repasser, si vous avez besoin de refaire une beaut\u00e9 \u00e0 vos v\u00eatements avant de partir travailler. \\nNos chambres Business disposent bien s\u00fbr de la climatisation, d\u2019un coffre-fort et d\u2019un t\u00e9l\u00e9viseur LED. Sur demande, vous pouvez vous faire servir le petit-d\u00e9jeuner en chambre. \\n\\nNos chambres sont calmes, vous pouvez vous y reposer ou y travailler en toute tranquillit\u00e9. Et n\u2019oubliez pas de r\u00e9server notre salon de r\u00e9union pour vos \u00e9v\u00e9nements !\\n&quot;}\" data-sheets-userformat=\"{&quot;2&quot;:15359,&quot;3&quot;:{&quot;1&quot;:0},&quot;4&quot;:{&quot;1&quot;:2,&quot;2&quot;:14281427},&quot;5&quot;:{&quot;1&quot;:[{&quot;1&quot;:2,&quot;2&quot;:0,&quot;5&quot;:{&quot;1&quot;:2,&quot;2&quot;:0}},{&quot;1&quot;:0,&quot;2&quot;:0,&quot;3&quot;:3},{&quot;1&quot;:1,&quot;2&quot;:0,&quot;4&quot;:1}]},&quot;6&quot;:{&quot;1&quot;:[{&quot;1&quot;:2,&quot;2&quot;:0,&quot;5&quot;:{&quot;1&quot;:2,&quot;2&quot;:0}},{&quot;1&quot;:0,&quot;2&quot;:0,&quot;3&quot;:3},{&quot;1&quot;:1,&quot;2&quot;:0,&quot;4&quot;:1}]},&quot;7&quot;:{&quot;1&quot;:[{&quot;1&quot;:2,&quot;2&quot;:0,&quot;5&quot;:{&quot;1&quot;:2,&quot;2&quot;:0}},{&quot;1&quot;:0,&quot;2&quot;:0,&quot;3&quot;:3},{&quot;1&quot;:1,&quot;2&quot;:0,&quot;4&quot;:1}]},&quot;8&quot;:{&quot;1&quot;:[{&quot;1&quot;:2,&quot;2&quot;:0,&quot;5&quot;:{&quot;1&quot;:2,&quot;2&quot;:0}},{&quot;1&quot;:0,&quot;2&quot;:0,&quot;3&quot;:3},{&quot;1&quot;:1,&quot;2&quot;:0,&quot;4&quot;:1}]},&quot;9&quot;:1,&quot;10&quot;:1,&quot;11&quot;:4,&quot;12&quot;:0,&quot;14&quot;:{&quot;1&quot;:3,&quot;3&quot;:1},&quot;15&quot;:&quot;Arial&quot;,&quot;16&quot;:12}\">And if you&#8217;re planning an event or meeting during your stay, be sure to inquire about booking our meeting room\u2014an ideal space for hosting your gatherings with flair and sophistication. Experience the epitome of comfort and convenience with our Business Single rooms at Hotel Les Bulles.<\/span><\/p>\n","protected":false},"excerpt":{"rendered":"<p>Indulge in the essence of Parisian charm and sophistication with our Business Single rooms, tailored specifically for your business trips or solo exploration of the city of lights. Each room boasts a unique d\u00e9cor, intricately woven with the theme of Hotel Les Bulles: champagne. Functional yet inviting, our Business Single rooms are equipped with everything [&hellip;]<\/p>\n","protected":false},"author":27,"featured_media":0,"parent":214,"menu_order":1,"comment_status":"closed","ping_status":"closed","template":"template-single-room.php","meta":{"footnotes":""},"class_list":["post-225","page","type-page","status-publish","hentry"],"yoast_head":"<!-- This site is optimized with the Yoast SEO plugin v27.3 - https:\/\/yoast.com\/product\/yoast-seo-wordpress\/ -->\n<title>Accomodation &amp; luxury stay - Business Room | Hotel Les Bulles Paris<\/title>\n<meta name=\"description\" content=\"Discover the Business Single rooms at the Hotel Les Bulles. A luxury stay, in the heart of Paris, to make your business trip a success.\" \/>\n<meta name=\"robots\" content=\"index, follow, max-snippet:-1, max-image-preview:large, max-video-preview:-1\" \/>\n<link rel=\"canonical\" href=\"https:\/\/www.lesbullesdeparis.com\/en\/accomodations\/business-room\/\" \/>\n<meta property=\"og:locale\" content=\"en_US\" \/>\n<meta property=\"og:type\" content=\"article\" \/>\n<meta property=\"og:title\" content=\"Accomodation &amp; luxury stay - Business Room | Hotel Les Bulles Paris\" \/>\n<meta property=\"og:description\" content=\"Discover the Business Single rooms at the Hotel Les Bulles. A luxury stay, in the heart of Paris, to make your business trip a success.\" \/>\n<meta property=\"og:url\" content=\"https:\/\/www.lesbullesdeparis.com\/en\/accomodations\/business-room\/\" \/>\n<meta property=\"og:site_name\" content=\"Les Bulles\" \/>\n<meta property=\"article:modified_time\" content=\"2024-06-11T13:08:39+00:00\" \/>\n<meta name=\"twitter:card\" content=\"summary_large_image\" \/>\n<meta name=\"twitter:label1\" content=\"Est. reading time\" \/>\n\t<meta name=\"twitter:data1\" content=\"1 minute\" \/>\n<script type=\"application\/ld+json\" class=\"yoast-schema-graph\">{\"@context\":\"https:\\\/\\\/schema.org\",\"@graph\":[{\"@type\":\"WebPage\",\"@id\":\"https:\\\/\\\/www.lesbullesdeparis.com\\\/en\\\/accomodations\\\/business-room\\\/\",\"url\":\"https:\\\/\\\/www.lesbullesdeparis.com\\\/en\\\/accomodations\\\/business-room\\\/\",\"name\":\"Accomodation & luxury stay - Business Room | Hotel Les Bulles Paris\",\"isPartOf\":{\"@id\":\"https:\\\/\\\/www.lesbullesdeparis.com\\\/en\\\/#website\"},\"datePublished\":\"2024-04-12T14:28:17+00:00\",\"dateModified\":\"2024-06-11T13:08:39+00:00\",\"description\":\"Discover the Business Single rooms at the Hotel Les Bulles. A luxury stay, in the heart of Paris, to make your business trip a success.\",\"breadcrumb\":{\"@id\":\"https:\\\/\\\/www.lesbullesdeparis.com\\\/en\\\/accomodations\\\/business-room\\\/#breadcrumb\"},\"inLanguage\":\"en-US\",\"potentialAction\":[{\"@type\":\"ReadAction\",\"target\":[\"https:\\\/\\\/www.lesbullesdeparis.com\\\/en\\\/accomodations\\\/business-room\\\/\"]}]},{\"@type\":\"BreadcrumbList\",\"@id\":\"https:\\\/\\\/www.lesbullesdeparis.com\\\/en\\\/accomodations\\\/business-room\\\/#breadcrumb\",\"itemListElement\":[{\"@type\":\"ListItem\",\"position\":1,\"name\":\"Home\",\"item\":\"https:\\\/\\\/www.lesbullesdeparis.com\\\/en\\\/\"},{\"@type\":\"ListItem\",\"position\":2,\"name\":\"Accomodations\",\"item\":\"https:\\\/\\\/www.lesbullesdeparis.com\\\/en\\\/accomodations\\\/\"},{\"@type\":\"ListItem\",\"position\":3,\"name\":\"Business Room\"}]},{\"@type\":\"WebSite\",\"@id\":\"https:\\\/\\\/www.lesbullesdeparis.com\\\/en\\\/#website\",\"url\":\"https:\\\/\\\/www.lesbullesdeparis.com\\\/en\\\/\",\"name\":\"Les Bulles\",\"description\":\"\",\"potentialAction\":[{\"@type\":\"SearchAction\",\"target\":{\"@type\":\"EntryPoint\",\"urlTemplate\":\"https:\\\/\\\/www.lesbullesdeparis.com\\\/en\\\/?s={search_term_string}\"},\"query-input\":{\"@type\":\"PropertyValueSpecification\",\"valueRequired\":true,\"valueName\":\"search_term_string\"}}],\"inLanguage\":\"en-US\"}]}<\/script>\n<!-- \/ Yoast SEO plugin. -->","yoast_head_json":{"title":"Accomodation & luxury stay - Business Room | Hotel Les Bulles Paris","description":"Discover the Business Single rooms at the Hotel Les Bulles. A luxury stay, in the heart of Paris, to make your business trip a success.","robots":{"index":"index","follow":"follow","max-snippet":"max-snippet:-1","max-image-preview":"max-image-preview:large","max-video-preview":"max-video-preview:-1"},"canonical":"https:\/\/www.lesbullesdeparis.com\/en\/accomodations\/business-room\/","og_locale":"en_US","og_type":"article","og_title":"Accomodation & luxury stay - Business Room | Hotel Les Bulles Paris","og_description":"Discover the Business Single rooms at the Hotel Les Bulles. A luxury stay, in the heart of Paris, to make your business trip a success.","og_url":"https:\/\/www.lesbullesdeparis.com\/en\/accomodations\/business-room\/","og_site_name":"Les Bulles","article_modified_time":"2024-06-11T13:08:39+00:00","twitter_card":"summary_large_image","twitter_misc":{"Est. reading time":"1 minute"},"schema":{"@context":"https:\/\/schema.org","@graph":[{"@type":"WebPage","@id":"https:\/\/www.lesbullesdeparis.com\/en\/accomodations\/business-room\/","url":"https:\/\/www.lesbullesdeparis.com\/en\/accomodations\/business-room\/","name":"Accomodation & luxury stay - Business Room | Hotel Les Bulles Paris","isPartOf":{"@id":"https:\/\/www.lesbullesdeparis.com\/en\/#website"},"datePublished":"2024-04-12T14:28:17+00:00","dateModified":"2024-06-11T13:08:39+00:00","description":"Discover the Business Single rooms at the Hotel Les Bulles. A luxury stay, in the heart of Paris, to make your business trip a success.","breadcrumb":{"@id":"https:\/\/www.lesbullesdeparis.com\/en\/accomodations\/business-room\/#breadcrumb"},"inLanguage":"en-US","potentialAction":[{"@type":"ReadAction","target":["https:\/\/www.lesbullesdeparis.com\/en\/accomodations\/business-room\/"]}]},{"@type":"BreadcrumbList","@id":"https:\/\/www.lesbullesdeparis.com\/en\/accomodations\/business-room\/#breadcrumb","itemListElement":[{"@type":"ListItem","position":1,"name":"Home","item":"https:\/\/www.lesbullesdeparis.com\/en\/"},{"@type":"ListItem","position":2,"name":"Accomodations","item":"https:\/\/www.lesbullesdeparis.com\/en\/accomodations\/"},{"@type":"ListItem","position":3,"name":"Business Room"}]},{"@type":"WebSite","@id":"https:\/\/www.lesbullesdeparis.com\/en\/#website","url":"https:\/\/www.lesbullesdeparis.com\/en\/","name":"Les Bulles","description":"","potentialAction":[{"@type":"SearchAction","target":{"@type":"EntryPoint","urlTemplate":"https:\/\/www.lesbullesdeparis.com\/en\/?s={search_term_string}"},"query-input":{"@type":"PropertyValueSpecification","valueRequired":true,"valueName":"search_term_string"}}],"inLanguage":"en-US"}]}},"acf":[],"_links":{"self":[{"href":"https:\/\/www.lesbullesdeparis.com\/en\/wp-json\/wp\/v2\/pages\/225","targetHints":{"allow":["GET"]}}],"collection":[{"href":"https:\/\/www.lesbullesdeparis.com\/en\/wp-json\/wp\/v2\/pages"}],"about":[{"href":"https:\/\/www.lesbullesdeparis.com\/en\/wp-json\/wp\/v2\/types\/page"}],"author":[{"embeddable":true,"href":"https:\/\/www.lesbullesdeparis.com\/en\/wp-json\/wp\/v2\/users\/27"}],"replies":[{"embeddable":true,"href":"https:\/\/www.lesbullesdeparis.com\/en\/wp-json\/wp\/v2\/comments?post=225"}],"version-history":[{"count":0,"href":"https:\/\/www.lesbullesdeparis.com\/en\/wp-json\/wp\/v2\/pages\/225\/revisions"}],"up":[{"embeddable":true,"href":"https:\/\/www.lesbullesdeparis.com\/en\/wp-json\/wp\/v2\/pages\/214"}],"wp:attachment":[{"href":"https:\/\/www.lesbullesdeparis.com\/en\/wp-json\/wp\/v2\/media?parent=225"}],"curies":[{"name":"wp","href":"https:\/\/api.w.org\/{rel}","templated":true}]}}