{"id":238,"date":"2024-04-16T09:13:42","date_gmt":"2024-04-16T09:13:42","guid":{"rendered":"https:\/\/les-bulles.ms2.decms.eu\/bar-a-champagne\/"},"modified":"2024-06-14T09:33:20","modified_gmt":"2024-06-14T09:33:20","slug":"champagne-bar","status":"publish","type":"page","link":"https:\/\/www.lesbullesdeparis.com\/en\/champagne-bar\/","title":{"rendered":"Champagne Bar"},"content":{"rendered":"<p style=\"text-align: center;\">The Champagne bar at <strong>Hotel Les Bulles<\/strong> welcomes you <strong>throughout the day until 11 p.m.<\/strong> Join us during our Happy Hours in the early evening, where the second glass is offered at half price. Relax in our splendid vaulted room, specially designed for oenological tastings.<\/p>\n<p style=\"text-align: center;\">Immerse yourself in a <strong>sparkling experience<\/strong> as you discover the houses that have elevated Champagne to the status of &#8220;king of wines&#8221; and &#8220;wine of kings.&#8221; Our hotel takes pride in showcasing the terroirs of the C\u00f4te des Blancs, Montagne de Reims, Vall\u00e9e de la Marne, and C\u00f4te des Bars. Our oenologist&#8217;s selection includes two blanc de blancs (one grand cru and one vintage), bruts, a ros\u00e9, and a prestige cuv\u00e9e.<\/p>\n<p style=\"text-align: center;\">To complement your tasting experience, our menu offers a<strong> selection of sweet and savory appetizers<\/strong>, as Champagne is also a gastronomic wine. Our passionate sommeliers are at your disposal to offer guidance and recommendations.<\/p>\n<p style=\"text-align: center;\">And for book enthusiasts, a <strong>selection of works<\/strong> is available for you to delve into the fascinating history of Champagne.<\/p>\n","protected":false},"excerpt":{"rendered":"<p>The Champagne bar at Hotel Les Bulles welcomes you throughout the day until 11 p.m. Join us during our Happy Hours in the early evening, where the second glass is offered at half price. Relax in our splendid vaulted room, specially designed for oenological tastings. Immerse yourself in a sparkling experience as you discover the [&hellip;]<\/p>\n","protected":false},"author":27,"featured_media":0,"parent":0,"menu_order":0,"comment_status":"closed","ping_status":"closed","template":"template-restaurants.php","meta":{"footnotes":""},"yoast_head":"<!-- This site is optimized with the Yoast SEO plugin v22.3 - https:\/\/yoast.com\/wordpress\/plugins\/seo\/ -->\n<title>Boutique Hotel in Paris - Champagne Bar | Hotel Les Bulles Paris<\/title>\n<meta name=\"description\" content=\"The Champagne Bar at the H\u00f4tel Les Bulles in Paris welcomes you every day until 11pm. Come and enjoy a Happy Hour in the heart of the Latin Quarter.\" \/>\n<meta name=\"robots\" content=\"index, follow, max-snippet:-1, max-image-preview:large, max-video-preview:-1\" \/>\n<link rel=\"canonical\" href=\"https:\/\/www.lesbullesdeparis.com\/en\/champagne-bar\/\" \/>\n<meta property=\"og:locale\" content=\"en_US\" \/>\n<meta property=\"og:type\" content=\"article\" \/>\n<meta property=\"og:title\" content=\"Boutique Hotel in Paris - Champagne Bar | Hotel Les Bulles Paris\" \/>\n<meta property=\"og:description\" content=\"The Champagne Bar at the H\u00f4tel Les Bulles in Paris welcomes you every day until 11pm. Come and enjoy a Happy Hour in the heart of the Latin Quarter.\" \/>\n<meta property=\"og:url\" content=\"https:\/\/www.lesbullesdeparis.com\/en\/champagne-bar\/\" \/>\n<meta property=\"og:site_name\" content=\"Les Bulles\" \/>\n<meta property=\"article:modified_time\" content=\"2024-06-14T09:33:20+00:00\" \/>\n<meta name=\"twitter:card\" content=\"summary_large_image\" \/>\n<meta name=\"twitter:label1\" content=\"Est. reading time\" \/>\n\t<meta name=\"twitter:data1\" content=\"1 minute\" \/>\n<script type=\"application\/ld+json\" class=\"yoast-schema-graph\">{\"@context\":\"https:\/\/schema.org\",\"@graph\":[{\"@type\":\"WebPage\",\"@id\":\"https:\/\/www.lesbullesdeparis.com\/en\/champagne-bar\/\",\"url\":\"https:\/\/www.lesbullesdeparis.com\/en\/champagne-bar\/\",\"name\":\"Boutique Hotel in Paris - Champagne Bar | Hotel Les Bulles Paris\",\"isPartOf\":{\"@id\":\"https:\/\/www.lesbullesdeparis.com\/en\/#website\"},\"datePublished\":\"2024-04-16T09:13:42+00:00\",\"dateModified\":\"2024-06-14T09:33:20+00:00\",\"description\":\"The Champagne Bar at the H\u00f4tel Les Bulles in Paris welcomes you every day until 11pm. Come and enjoy a Happy Hour in the heart of the Latin Quarter.\",\"breadcrumb\":{\"@id\":\"https:\/\/www.lesbullesdeparis.com\/en\/champagne-bar\/#breadcrumb\"},\"inLanguage\":\"en-US\",\"potentialAction\":[{\"@type\":\"ReadAction\",\"target\":[\"https:\/\/www.lesbullesdeparis.com\/en\/champagne-bar\/\"]}]},{\"@type\":\"BreadcrumbList\",\"@id\":\"https:\/\/www.lesbullesdeparis.com\/en\/champagne-bar\/#breadcrumb\",\"itemListElement\":[{\"@type\":\"ListItem\",\"position\":1,\"name\":\"Home\",\"item\":\"https:\/\/www.lesbullesdeparis.com\/en\/\"},{\"@type\":\"ListItem\",\"position\":2,\"name\":\"Champagne Bar\"}]},{\"@type\":\"WebSite\",\"@id\":\"https:\/\/www.lesbullesdeparis.com\/en\/#website\",\"url\":\"https:\/\/www.lesbullesdeparis.com\/en\/\",\"name\":\"Les Bulles\",\"description\":\"\",\"potentialAction\":[{\"@type\":\"SearchAction\",\"target\":{\"@type\":\"EntryPoint\",\"urlTemplate\":\"https:\/\/www.lesbullesdeparis.com\/en\/?s={search_term_string}\"},\"query-input\":\"required name=search_term_string\"}],\"inLanguage\":\"en-US\"}]}<\/script>\n<!-- \/ Yoast SEO plugin. -->","yoast_head_json":{"title":"Boutique Hotel in Paris - Champagne Bar | Hotel Les Bulles Paris","description":"The Champagne Bar at the H\u00f4tel Les Bulles in Paris welcomes you every day until 11pm. Come and enjoy a Happy Hour in the heart of the Latin Quarter.","robots":{"index":"index","follow":"follow","max-snippet":"max-snippet:-1","max-image-preview":"max-image-preview:large","max-video-preview":"max-video-preview:-1"},"canonical":"https:\/\/www.lesbullesdeparis.com\/en\/champagne-bar\/","og_locale":"en_US","og_type":"article","og_title":"Boutique Hotel in Paris - Champagne Bar | Hotel Les Bulles Paris","og_description":"The Champagne Bar at the H\u00f4tel Les Bulles in Paris welcomes you every day until 11pm. Come and enjoy a Happy Hour in the heart of the Latin Quarter.","og_url":"https:\/\/www.lesbullesdeparis.com\/en\/champagne-bar\/","og_site_name":"Les Bulles","article_modified_time":"2024-06-14T09:33:20+00:00","twitter_card":"summary_large_image","twitter_misc":{"Est. reading time":"1 minute"},"schema":{"@context":"https:\/\/schema.org","@graph":[{"@type":"WebPage","@id":"https:\/\/www.lesbullesdeparis.com\/en\/champagne-bar\/","url":"https:\/\/www.lesbullesdeparis.com\/en\/champagne-bar\/","name":"Boutique Hotel in Paris - Champagne Bar | Hotel Les Bulles Paris","isPartOf":{"@id":"https:\/\/www.lesbullesdeparis.com\/en\/#website"},"datePublished":"2024-04-16T09:13:42+00:00","dateModified":"2024-06-14T09:33:20+00:00","description":"The Champagne Bar at the H\u00f4tel Les Bulles in Paris welcomes you every day until 11pm. Come and enjoy a Happy Hour in the heart of the Latin Quarter.","breadcrumb":{"@id":"https:\/\/www.lesbullesdeparis.com\/en\/champagne-bar\/#breadcrumb"},"inLanguage":"en-US","potentialAction":[{"@type":"ReadAction","target":["https:\/\/www.lesbullesdeparis.com\/en\/champagne-bar\/"]}]},{"@type":"BreadcrumbList","@id":"https:\/\/www.lesbullesdeparis.com\/en\/champagne-bar\/#breadcrumb","itemListElement":[{"@type":"ListItem","position":1,"name":"Home","item":"https:\/\/www.lesbullesdeparis.com\/en\/"},{"@type":"ListItem","position":2,"name":"Champagne Bar"}]},{"@type":"WebSite","@id":"https:\/\/www.lesbullesdeparis.com\/en\/#website","url":"https:\/\/www.lesbullesdeparis.com\/en\/","name":"Les Bulles","description":"","potentialAction":[{"@type":"SearchAction","target":{"@type":"EntryPoint","urlTemplate":"https:\/\/www.lesbullesdeparis.com\/en\/?s={search_term_string}"},"query-input":"required name=search_term_string"}],"inLanguage":"en-US"}]}},"acf":[],"_links":{"self":[{"href":"https:\/\/www.lesbullesdeparis.com\/en\/wp-json\/wp\/v2\/pages\/238"}],"collection":[{"href":"https:\/\/www.lesbullesdeparis.com\/en\/wp-json\/wp\/v2\/pages"}],"about":[{"href":"https:\/\/www.lesbullesdeparis.com\/en\/wp-json\/wp\/v2\/types\/page"}],"author":[{"embeddable":true,"href":"https:\/\/www.lesbullesdeparis.com\/en\/wp-json\/wp\/v2\/users\/27"}],"replies":[{"embeddable":true,"href":"https:\/\/www.lesbullesdeparis.com\/en\/wp-json\/wp\/v2\/comments?post=238"}],"version-history":[{"count":0,"href":"https:\/\/www.lesbullesdeparis.com\/en\/wp-json\/wp\/v2\/pages\/238\/revisions"}],"wp:attachment":[{"href":"https:\/\/www.lesbullesdeparis.com\/en\/wp-json\/wp\/v2\/media?parent=238"}],"curies":[{"name":"wp","href":"https:\/\/api.w.org\/{rel}","templated":true}]}}