{"id":262,"date":"2024-04-16T13:54:36","date_gmt":"2024-04-16T13:54:36","guid":{"rendered":"https:\/\/les-bulles.ms2.decms.eu\/mentions-legales\/"},"modified":"2024-06-12T08:24:21","modified_gmt":"2024-06-12T08:24:21","slug":"legal-notice","status":"publish","type":"page","link":"https:\/\/www.lesbullesdeparis.com\/en\/legal-notice\/","title":{"rendered":"Legal notice"},"content":{"rendered":"<p style=\"font-weight: 400;\"><strong><em>\u00c9DITEUR<\/em><\/strong><\/p>\n<p style=\"font-weight: 400;\"><em>Le site internet accessible, notamment, \u00e0 l\u2019adresse\u00a0<a href=\"https:\/\/www.lesbullesdeparis.com\/\" data-saferedirecturl=\"https:\/\/www.google.com\/url?q=https:\/\/www.lesbullesdeparis.com&amp;source=gmail&amp;ust=1718264217999000&amp;usg=AOvVaw2W0AJJlrADJwCTipS-H7tZ\">https:\/\/www.lesbullesdeparis.com<\/a>\u00a0(ci-apr\u00e8s : le \u00ab Site \u00bb) est \u00e9dit\u00e9 par la soci\u00e9t\u00e9 H\u00d4TEL LES BULLES DE PARIS, soci\u00e9t\u00e9 de droit fran\u00e7aise, immatricul\u00e9e au Registre du Commerce et des Soci\u00e9t\u00e9s de Paris sous le num\u00e9ro RCS 794 376 053 Paris et dont le si\u00e8ge social est situ\u00e9 32 Rue des Ecoles 75005 Paris ; num\u00e9ro de t\u00e9l\u00e9phone +33 1 46 34 12 90 (ci-apr\u00e8s d\u00e9nomm\u00e9e \u00ab H\u00d4TEL LES BULLES DE PARIS \u00bb).<\/em><\/p>\n<p style=\"font-weight: 400;\"><em>\u00a0<\/em><\/p>\n<p style=\"font-weight: 400;\"><em>L\u2019acc\u00e8s au Site ainsi que l\u2019utilisation de son contenu s\u2019effectuent dans le cadre des mentions d\u2019utilisation d\u00e9crites ci-apr\u00e8s. Le fait d\u2019acc\u00e9der et de naviguer sur le site constitue de la part de l\u2019internaute une acceptation sans r\u00e9serve des pr\u00e9cisions suivantes\u00a0<strong>: <\/strong><\/em><\/p>\n<p style=\"font-weight: 400;\"><em><strong>Le Site est h\u00e9berg\u00e9 par la soci\u00e9t\u00e9\u00a0:<\/strong><\/em><\/p>\n<p><strong>DESIGN et Maintenance<\/strong><\/p>\n<p>Le Site est r\u00e9alis\u00e9 par la soci\u00e9t\u00e9 D-Edge, 64-66 rue des Archives, 75003 Paris ;<\/p>\n<p>Num\u00e9ro de t\u00e9l\u00e9phone : +33 (0)1 76 44 04 35 ;<\/p>\n<p>Site officiel : D-EDGE<\/p>\n<h3><strong>H\u00c9BERGEMENT<\/strong><\/h3>\n<p>WPEngine, Inc., Irongate House, 22-30 Duke\u2019s Place, London, EC3A 7LP, United Kingdom, Phone: 08 00 50 53 049<\/p>\n<p>&nbsp;<\/p>\n<p style=\"font-weight: 400;\"><strong><em>PROPRI\u00c9T\u00c9 INTELLECTUELLE<\/em><\/strong><\/p>\n<p style=\"font-weight: 400;\"><em>\u00a0<\/em><\/p>\n<p style=\"font-weight: 400;\"><em>Le Site dans son ensemble, ainsi que chacun des \u00e9l\u00e9ments qui le composent (notamment, textes, sch\u00e9mas, arborescences, logiciels, animations, images, photographies, illustrations, vid\u00e9os, repr\u00e9sentations graphiques ou \u00e9ditoriales, logos, etc.) constituent des \u0153uvres de l\u2019esprit prot\u00e9g\u00e9s par le Code de la propri\u00e9t\u00e9 intellectuelle ainsi que par toute autre l\u00e9gislation internationale applicable.<\/em><\/p>\n<p style=\"font-weight: 400;\"><em>\u00a0<\/em><\/p>\n<p style=\"font-weight: 400;\"><em>H\u00d4TEL LES BULLES DE PARIS est seule habilit\u00e9e (directement ou par l\u2019effet de licences ou autorisations) \u00e0 utiliser les \u00e9l\u00e9ments composant le Site, les noms de domaine, les marques, mod\u00e8les, etc. ainsi que les images et contenus \u00e9ditoriaux qui y sont reproduits.<\/em><\/p>\n<p style=\"font-weight: 400;\"><em>\u00a0<\/em><\/p>\n<p style=\"font-weight: 400;\"><em>L\u2019usage de tout ou partie du Site, notamment par t\u00e9l\u00e9chargement, reproduction, transmission, repr\u00e9sentation ou diffusion \u00e0 d\u2019autres fins que la consultation et l\u2019utilisation du Site \u00e0 titre personnel et priv\u00e9 par l\u2019internaute dans un but non commercial est strictement interdit. La violation de ces dispositions expose son auteur aux sanctions pr\u00e9vues tant par le Code de la propri\u00e9t\u00e9 intellectuelle au titre notamment de la contrefa\u00e7on de droits d\u2019auteur, de droit de marques que par le Code civil en mati\u00e8re de responsabilit\u00e9 civile.<\/em><\/p>\n<p style=\"font-weight: 400;\"><em>\u00a0<\/em><\/p>\n<p style=\"font-weight: 400;\"><em>La cr\u00e9ation de tout lien hypertexte renvoyant \u00e0 l\u2019une quelconque des pages web ou \u00e9l\u00e9ments composant le Site est interdite sauf autorisation \u00e9crite et pr\u00e9alable d\u2019H\u00d4TEL LES BULLES DE PARIS, laquelle autorisation pouvant \u00eatre r\u00e9voqu\u00e9e \u00e0 tout moment. Tout contenu, site internet ou autre ayant un lien hypertexte dirigeant vers le Site ou vers l\u2019un quelconque des \u00e9l\u00e9ments qui le composent ne sont pas sous le contr\u00f4le d\u2019H\u00d4TEL LES BULLES DE PARIS et celle-ci d\u00e9cline par cons\u00e9quent toute responsabilit\u00e9 (notamment, \u00e9ditoriale) concernant l\u2019acc\u00e8s \u00e0 ces sites et leur contenu.<\/em><\/p>\n<p style=\"font-weight: 400;\"><em>\u00a0<\/em><\/p>\n<p style=\"font-weight: 400;\"><em>Photo &amp; Cin\u00e9mographe : \u00a9<\/em><\/p>\n<p style=\"font-weight: 400;\"><em>\u00a0<\/em><\/p>\n<p style=\"font-weight: 400;\"><strong><em>DISPONIBILIT\u00c9 DU SITE<\/em><\/strong><\/p>\n<p style=\"font-weight: 400;\"><em>H\u00d4TEL LES BULLES DE PARIS s\u2019efforce, dans la mesure du possible, de maintenir accessible de mani\u00e8re permanente le Site, mais n\u2019est tenue \u00e0 aucune obligation d\u2019y parvenir. H\u00d4TEL LES BULLES DE PARIS peut donc interrompre l\u2019acc\u00e8s au Site, notamment pour des raisons de maintenance ou de mise \u00e0 jour, ou pour toutes autres raisons, notamment techniques ou \u00e9ditoriales et ce, sans pr\u00e9avis ni information pr\u00e9alable des internautes, sans qu\u2019H\u00d4TEL LES BULLES DE PARIS ne puisse \u00eatre tenue pour responsable des cons\u00e9quences de ces interruptions aussi bien \u00e0 l\u2019\u00e9gard des internautes que de tout tiers.<\/em><\/p>\n<p style=\"font-weight: 400;\"><em>\u00a0<\/em><\/p>\n<p style=\"font-weight: 400;\"><em>Par ailleurs, H\u00d4TEL LES BULLES DE PARIS ne saurait \u00eatre tenue pour responsable si des internautes ne parvenaient pas \u00e0 acc\u00e9der \u00e0 tout ou partie du Site du fait de tout d\u00e9faut technique ou de tout probl\u00e8me notamment et non limitativement li\u00e9 \u00e0 :<\/em><\/p>\n<p style=\"font-weight: 400;\"><em>\u00a0<\/em><\/p>\n<p style=\"font-weight: 400;\"><em>une d\u00e9faillance et\/ou un encombrement du r\u00e9seau Internet,<\/em><\/p>\n<p style=\"font-weight: 400;\"><em>une d\u00e9faillance des fournisseurs d\u2019acc\u00e8s Internet,<\/em><\/p>\n<p style=\"font-weight: 400;\"><em>une erreur humaine ou d\u2019origine \u00e9lectrique,<\/em><\/p>\n<p style=\"font-weight: 400;\"><em>toute intervention malveillante,<\/em><\/p>\n<p style=\"font-weight: 400;\"><em>tous dysfonctionnements de logiciel ou de mat\u00e9riel,<\/em><\/p>\n<p style=\"font-weight: 400;\"><em>un cas de force majeure.<\/em><\/p>\n<p style=\"font-weight: 400;\"><em>\u00a0<\/em><\/p>\n<p style=\"font-weight: 400;\"><strong><em>M\u00c9DIATEUR \u00c0 LA CONSOMMATION<\/em><\/strong><\/p>\n<p style=\"font-weight: 400;\"><em>HOTEL LES BULLES DE PARIS<\/em><\/p>\n<p style=\"font-weight: 400;\"><em><a href=\"mailto:info@lesbullesdeparis.com\">info@lesbullesdeparis.com<\/a><\/em><\/p>\n<p style=\"font-weight: 400;\"><em>+33 1 46 34 12 90<\/em><\/p>\n<p style=\"font-weight: 400;\"><em>32 Rue des Ecoles 75005 Paris<\/em><\/p>\n<p style=\"font-weight: 400;\"><em>\u00a0<\/em><\/p>\n<p style=\"font-weight: 400;\"><strong><em>RESPONSABILIT\u00c9<\/em><\/strong><\/p>\n<p style=\"font-weight: 400;\"><em>H\u00d4TEL LES BULLES DE PARIS s\u2019efforce d\u2019assurer au mieux de ses possibilit\u00e9s l\u2019exactitude et la mise \u00e0 jour des informations diffus\u00e9es sur le Site, dont elle se r\u00e9serve le droit de modifier, \u00e0 tout moment et sans pr\u00e9avis, le contenu.<\/em><\/p>\n<p style=\"font-weight: 400;\"><em>\u00a0<\/em><\/p>\n<p style=\"font-weight: 400;\"><em>Toutefois, H\u00d4TEL LES BULLES DE PARIS ne peut garantir l\u2019exactitude, la pr\u00e9cision et l\u2019exhaustivit\u00e9 des informations mises \u00e0 disposition sur le Site, lesquelles informations ne constituent ni une garantie ni un engagement de la part d\u2019H\u00d4TEL LES BULLES DE PARIS \u00e0 l\u2019\u00e9gard de l\u2019internaute. En particulier, cette derni\u00e8re ne saurait \u00eatre tenue pour responsable :<\/em><\/p>\n<p style=\"font-weight: 400;\"><em>\u00a0<\/em><\/p>\n<p style=\"font-weight: 400;\"><em>de toute impr\u00e9cision, inexactitude ou omission desdites informations ;<\/em><\/p>\n<p style=\"font-weight: 400;\"><em>de tout dommage \u00e9ventuel r\u00e9sultant d\u2019une intrusion informatique d\u2019un tiers ayant entra\u00een\u00e9 une modification desdites informations ;<\/em><\/p>\n<p style=\"font-weight: 400;\"><em>et, plus g\u00e9n\u00e9ralement, de tous dommages, directs ou indirects, qu\u2019elles qu\u2019en soient les causes, origines, natures et cons\u00e9quences, li\u00e9es \u00e0 l\u2019acc\u00e8s (ou \u00e0 l\u2019impossibilit\u00e9 d\u2019acc\u00e9der au Site), au contenu, \u00e0 l\u2019utilisation du Site et\/ou au cr\u00e9dit accord\u00e9 \u00e0 une quelconque information provenant de ce dernier<\/em><\/p>\n","protected":false},"excerpt":{"rendered":"<p>\u00c9DITEUR Le site internet accessible, notamment, \u00e0 l\u2019adresse\u00a0https:\/\/www.lesbullesdeparis.com\u00a0(ci-apr\u00e8s : le \u00ab Site \u00bb) est \u00e9dit\u00e9 par la soci\u00e9t\u00e9 H\u00d4TEL LES BULLES DE PARIS, soci\u00e9t\u00e9 de droit fran\u00e7aise, immatricul\u00e9e au Registre du Commerce et des Soci\u00e9t\u00e9s de Paris sous le num\u00e9ro RCS 794 376 053 Paris et dont le si\u00e8ge social est situ\u00e9 32 Rue des [&hellip;]<\/p>\n","protected":false},"author":27,"featured_media":0,"parent":0,"menu_order":0,"comment_status":"closed","ping_status":"closed","template":"","meta":{"footnotes":""},"yoast_head":"<!-- This site is optimized with the Yoast SEO plugin v22.3 - https:\/\/yoast.com\/wordpress\/plugins\/seo\/ -->\n<title>Legal notices | Hotel Les Bulles Paris<\/title>\n<meta name=\"description\" content=\"Click here for the legal information of the Hotel Les Bulles in Paris.\" \/>\n<meta name=\"robots\" content=\"index, follow, max-snippet:-1, max-image-preview:large, max-video-preview:-1\" \/>\n<link rel=\"canonical\" href=\"https:\/\/www.lesbullesdeparis.com\/en\/legal-notice\/\" \/>\n<meta property=\"og:locale\" content=\"en_US\" \/>\n<meta property=\"og:type\" content=\"article\" \/>\n<meta property=\"og:title\" content=\"Legal notices | Hotel Les Bulles Paris\" \/>\n<meta property=\"og:description\" content=\"Click here for the legal information of the Hotel Les Bulles in Paris.\" \/>\n<meta property=\"og:url\" content=\"https:\/\/www.lesbullesdeparis.com\/en\/legal-notice\/\" \/>\n<meta property=\"og:site_name\" content=\"Les Bulles\" \/>\n<meta property=\"article:modified_time\" content=\"2024-06-12T08:24:21+00:00\" \/>\n<meta name=\"twitter:card\" content=\"summary_large_image\" \/>\n<meta name=\"twitter:label1\" content=\"Est. reading time\" \/>\n\t<meta name=\"twitter:data1\" content=\"4 minutes\" \/>\n<script type=\"application\/ld+json\" class=\"yoast-schema-graph\">{\"@context\":\"https:\/\/schema.org\",\"@graph\":[{\"@type\":\"WebPage\",\"@id\":\"https:\/\/www.lesbullesdeparis.com\/en\/legal-notice\/\",\"url\":\"https:\/\/www.lesbullesdeparis.com\/en\/legal-notice\/\",\"name\":\"Legal notices | Hotel Les Bulles Paris\",\"isPartOf\":{\"@id\":\"https:\/\/www.lesbullesdeparis.com\/en\/#website\"},\"datePublished\":\"2024-04-16T13:54:36+00:00\",\"dateModified\":\"2024-06-12T08:24:21+00:00\",\"description\":\"Click here for the legal information of the Hotel Les Bulles in Paris.\",\"breadcrumb\":{\"@id\":\"https:\/\/www.lesbullesdeparis.com\/en\/legal-notice\/#breadcrumb\"},\"inLanguage\":\"en-US\",\"potentialAction\":[{\"@type\":\"ReadAction\",\"target\":[\"https:\/\/www.lesbullesdeparis.com\/en\/legal-notice\/\"]}]},{\"@type\":\"BreadcrumbList\",\"@id\":\"https:\/\/www.lesbullesdeparis.com\/en\/legal-notice\/#breadcrumb\",\"itemListElement\":[{\"@type\":\"ListItem\",\"position\":1,\"name\":\"Home\",\"item\":\"https:\/\/www.lesbullesdeparis.com\/en\/\"},{\"@type\":\"ListItem\",\"position\":2,\"name\":\"Legal notice\"}]},{\"@type\":\"WebSite\",\"@id\":\"https:\/\/www.lesbullesdeparis.com\/en\/#website\",\"url\":\"https:\/\/www.lesbullesdeparis.com\/en\/\",\"name\":\"Les Bulles\",\"description\":\"\",\"potentialAction\":[{\"@type\":\"SearchAction\",\"target\":{\"@type\":\"EntryPoint\",\"urlTemplate\":\"https:\/\/www.lesbullesdeparis.com\/en\/?s={search_term_string}\"},\"query-input\":\"required name=search_term_string\"}],\"inLanguage\":\"en-US\"}]}<\/script>\n<!-- \/ Yoast SEO plugin. -->","yoast_head_json":{"title":"Legal notices | Hotel Les Bulles Paris","description":"Click here for the legal information of the Hotel Les Bulles in Paris.","robots":{"index":"index","follow":"follow","max-snippet":"max-snippet:-1","max-image-preview":"max-image-preview:large","max-video-preview":"max-video-preview:-1"},"canonical":"https:\/\/www.lesbullesdeparis.com\/en\/legal-notice\/","og_locale":"en_US","og_type":"article","og_title":"Legal notices | Hotel Les Bulles Paris","og_description":"Click here for the legal information of the Hotel Les Bulles in Paris.","og_url":"https:\/\/www.lesbullesdeparis.com\/en\/legal-notice\/","og_site_name":"Les Bulles","article_modified_time":"2024-06-12T08:24:21+00:00","twitter_card":"summary_large_image","twitter_misc":{"Est. reading time":"4 minutes"},"schema":{"@context":"https:\/\/schema.org","@graph":[{"@type":"WebPage","@id":"https:\/\/www.lesbullesdeparis.com\/en\/legal-notice\/","url":"https:\/\/www.lesbullesdeparis.com\/en\/legal-notice\/","name":"Legal notices | Hotel Les Bulles Paris","isPartOf":{"@id":"https:\/\/www.lesbullesdeparis.com\/en\/#website"},"datePublished":"2024-04-16T13:54:36+00:00","dateModified":"2024-06-12T08:24:21+00:00","description":"Click here for the legal information of the Hotel Les Bulles in Paris.","breadcrumb":{"@id":"https:\/\/www.lesbullesdeparis.com\/en\/legal-notice\/#breadcrumb"},"inLanguage":"en-US","potentialAction":[{"@type":"ReadAction","target":["https:\/\/www.lesbullesdeparis.com\/en\/legal-notice\/"]}]},{"@type":"BreadcrumbList","@id":"https:\/\/www.lesbullesdeparis.com\/en\/legal-notice\/#breadcrumb","itemListElement":[{"@type":"ListItem","position":1,"name":"Home","item":"https:\/\/www.lesbullesdeparis.com\/en\/"},{"@type":"ListItem","position":2,"name":"Legal notice"}]},{"@type":"WebSite","@id":"https:\/\/www.lesbullesdeparis.com\/en\/#website","url":"https:\/\/www.lesbullesdeparis.com\/en\/","name":"Les Bulles","description":"","potentialAction":[{"@type":"SearchAction","target":{"@type":"EntryPoint","urlTemplate":"https:\/\/www.lesbullesdeparis.com\/en\/?s={search_term_string}"},"query-input":"required name=search_term_string"}],"inLanguage":"en-US"}]}},"acf":[],"_links":{"self":[{"href":"https:\/\/www.lesbullesdeparis.com\/en\/wp-json\/wp\/v2\/pages\/262"}],"collection":[{"href":"https:\/\/www.lesbullesdeparis.com\/en\/wp-json\/wp\/v2\/pages"}],"about":[{"href":"https:\/\/www.lesbullesdeparis.com\/en\/wp-json\/wp\/v2\/types\/page"}],"author":[{"embeddable":true,"href":"https:\/\/www.lesbullesdeparis.com\/en\/wp-json\/wp\/v2\/users\/27"}],"replies":[{"embeddable":true,"href":"https:\/\/www.lesbullesdeparis.com\/en\/wp-json\/wp\/v2\/comments?post=262"}],"version-history":[{"count":0,"href":"https:\/\/www.lesbullesdeparis.com\/en\/wp-json\/wp\/v2\/pages\/262\/revisions"}],"wp:attachment":[{"href":"https:\/\/www.lesbullesdeparis.com\/en\/wp-json\/wp\/v2\/media?parent=262"}],"curies":[{"name":"wp","href":"https:\/\/api.w.org\/{rel}","templated":true}]}}